{"id":82,"date":"2015-06-02T19:07:13","date_gmt":"2015-06-02T19:07:13","guid":{"rendered":"http:\/\/localhost\/wordpress3\/?page_id=82"},"modified":"2015-06-02T19:07:13","modified_gmt":"2015-06-02T19:07:13","slug":"seguro-aluguelfianca","status":"publish","type":"page","link":"https:\/\/hirotaseguros.com.br\/index.php\/seguro-aluguelfianca\/","title":{"rendered":"Seguro Aluguel\/Fian\u00e7a"},"content":{"rendered":"<h1>Seguro Aluguel\/Fian\u00e7a<\/h1>\n<p><strong>Cobertura B\u00e1sica<\/strong><\/p>\n<p>Garantia de pagamento do Aluguel e multas morat\u00f3rias: cobertura at\u00e9 30 vezes o valor do aluguel.<\/p>\n<p><strong>Coberturas Adicionais (Garantia de pagamento):<\/strong><\/p>\n<p>1-Condom\u00ednio<br \/>\n2- IPTU<br \/>\n3- \u00c1gua<br \/>\n4- Luz<br \/>\n5- G\u00e1s canalizado<br \/>\n6- Danos ao im\u00f3vel<br \/>\n7- Pintura Interna<br \/>\n8- Multa por rescis\u00e3o<\/p>\n<p>&nbsp;<\/p>\n","protected":false},"excerpt":{"rendered":"<p>Seguro Aluguel\/Fian\u00e7a Cobertura B\u00e1sica Garantia de pagamento do Aluguel e multas morat\u00f3rias: cobertura at\u00e9 30 vezes o valor do aluguel. Coberturas Adicionais (Garantia de pagamento): 1-Condom\u00ednio 2- IPTU 3- \u00c1gua 4- Luz 5- G\u00e1s canalizado 6- Danos ao im\u00f3vel 7- Pintura Interna 8- Multa por rescis\u00e3o &nbsp;<\/p>\n","protected":false},"author":1,"featured_media":0,"parent":0,"menu_order":0,"comment_status":"open","ping_status":"open","template":"","meta":[],"_links":{"self":[{"href":"https:\/\/hirotaseguros.com.br\/index.php\/wp-json\/wp\/v2\/pages\/82"}],"collection":[{"href":"https:\/\/hirotaseguros.com.br\/index.php\/wp-json\/wp\/v2\/pages"}],"about":[{"href":"https:\/\/hirotaseguros.com.br\/index.php\/wp-json\/wp\/v2\/types\/page"}],"author":[{"embeddable":true,"href":"https:\/\/hirotaseguros.com.br\/index.php\/wp-json\/wp\/v2\/users\/1"}],"replies":[{"embeddable":true,"href":"https:\/\/hirotaseguros.com.br\/index.php\/wp-json\/wp\/v2\/comments?post=82"}],"version-history":[{"count":1,"href":"https:\/\/hirotaseguros.com.br\/index.php\/wp-json\/wp\/v2\/pages\/82\/revisions"}],"predecessor-version":[{"id":83,"href":"https:\/\/hirotaseguros.com.br\/index.php\/wp-json\/wp\/v2\/pages\/82\/revisions\/83"}],"wp:attachment":[{"href":"https:\/\/hirotaseguros.com.br\/index.php\/wp-json\/wp\/v2\/media?parent=82"}],"curies":[{"name":"wp","href":"https:\/\/api.w.org\/{rel}","templated":true}]}}