{"id":72,"date":"2015-06-02T17:26:40","date_gmt":"2015-06-02T17:26:40","guid":{"rendered":"http:\/\/localhost\/wordpress3\/?page_id=72"},"modified":"2015-06-10T14:36:07","modified_gmt":"2015-06-10T14:36:07","slug":"fale-conosco","status":"publish","type":"page","link":"https:\/\/hirotaseguros.com.br\/index.php\/fale-conosco\/","title":{"rendered":"Fale Conosco"},"content":{"rendered":"<h1>Fale Conosco<\/h1>\n<p>Basta preencher o formul\u00e1rio\u00a0abaixo que em breve entraremos em contato.<\/p>\n<div role=\"form\" class=\"wpcf7\" id=\"wpcf7-f71-o1\" lang=\"pt-BR\" dir=\"ltr\">\n<div class=\"screen-reader-response\"><p role=\"status\" aria-live=\"polite\" aria-atomic=\"true\"><\/p> <ul><\/ul><\/div>\n<form action=\"\/index.php\/wp-json\/wp\/v2\/pages\/72#wpcf7-f71-o1\" method=\"post\" class=\"wpcf7-form init\" novalidate=\"novalidate\" data-status=\"init\">\n<div style=\"display: none;\">\n<input type=\"hidden\" name=\"_wpcf7\" value=\"71\" \/>\n<input type=\"hidden\" name=\"_wpcf7_version\" value=\"5.5.4\" \/>\n<input type=\"hidden\" name=\"_wpcf7_locale\" value=\"pt_BR\" \/>\n<input type=\"hidden\" name=\"_wpcf7_unit_tag\" value=\"wpcf7-f71-o1\" \/>\n<input type=\"hidden\" name=\"_wpcf7_container_post\" value=\"0\" \/>\n<input type=\"hidden\" name=\"_wpcf7_posted_data_hash\" value=\"\" \/>\n<\/div>\n<p>Tipo de Pessoa<br \/>\n       <span class=\"wpcf7-form-control-wrap TipodePessoa\"><select name=\"TipodePessoa\" class=\"wpcf7-form-control wpcf7-select\" aria-invalid=\"false\"><option value=\"F\u00edsica\">F\u00edsica<\/option><option value=\"Juridica\">Juridica<\/option><\/select><\/span><\/p>\n<p>Nome:<br \/>\n    <span class=\"wpcf7-form-control-wrap your-name\"><input type=\"text\" name=\"your-name\" value=\"\" size=\"40\" class=\"wpcf7-form-control wpcf7-text wpcf7-validates-as-required\" aria-required=\"true\" aria-invalid=\"false\" \/><\/span> <\/p>\n<p>E-mail :<br \/>\n    <span class=\"wpcf7-form-control-wrap your-email\"><input type=\"email\" name=\"your-email\" value=\"\" size=\"40\" class=\"wpcf7-form-control wpcf7-text wpcf7-email wpcf7-validates-as-required wpcf7-validates-as-email\" aria-required=\"true\" aria-invalid=\"false\" \/><\/span> <\/p>\n<p>Cidade:<br \/>\n      <span class=\"wpcf7-form-control-wrap Cidade\"><input type=\"text\" name=\"Cidade\" value=\"\" size=\"40\" class=\"wpcf7-form-control wpcf7-text\" aria-invalid=\"false\" \/><\/span><\/p>\n<p>Estado:<br \/>\n      <span class=\"wpcf7-form-control-wrap Estado\"><input type=\"text\" name=\"Estado\" value=\"\" size=\"40\" class=\"wpcf7-form-control wpcf7-text\" aria-invalid=\"false\" \/><\/span><\/p>\n<p>Telefone:<br \/>\n      <span class=\"wpcf7-form-control-wrap Telefone\"><input type=\"text\" name=\"Telefone\" value=\"\" size=\"40\" class=\"wpcf7-form-control wpcf7-text\" aria-invalid=\"false\" \/><\/span><\/p>\n<p>Celular: <br \/>\n      <span class=\"wpcf7-form-control-wrap Celular\"><input type=\"text\" name=\"Celular\" value=\"\" size=\"40\" class=\"wpcf7-form-control wpcf7-text\" aria-invalid=\"false\" \/><\/span><\/p>\n<p>Assunto: <br \/>\n       <span class=\"wpcf7-form-control-wrap Assunto\"><select name=\"Assunto\" class=\"wpcf7-form-control wpcf7-select\" aria-invalid=\"false\"><option value=\"Altera\u00e7\u00e3o Cadastral\">Altera\u00e7\u00e3o Cadastral<\/option><option value=\"Perfil de Seguro\">Perfil de Seguro<\/option><option value=\"Substitui\u00e7\u00e3o de Veiculo em ap\u00f3lice virgente\">Substitui\u00e7\u00e3o de Veiculo em ap\u00f3lice virgente<\/option><option value=\"Seguro novo para veiculo novo\">Seguro novo para veiculo novo<\/option><option value=\"Outros Seguros\">Outros Seguros<\/option><option value=\"Outros Assuntos\">Outros Assuntos<\/option><\/select><\/span><\/p>\n<p>Sua mensagem<br \/>\n    <span class=\"wpcf7-form-control-wrap your-message\"><textarea name=\"your-message\" cols=\"40\" rows=\"10\" class=\"wpcf7-form-control wpcf7-textarea\" aria-invalid=\"false\"><\/textarea><\/span> <\/p>\n<p><input type=\"submit\" value=\"Enviar\" class=\"wpcf7-form-control has-spinner wpcf7-submit\" \/><\/p>\n<p style=\"display: none !important;\"><label>&#916;<textarea name=\"_wpcf7_ak_hp_textarea\" cols=\"45\" rows=\"8\" maxlength=\"100\"><\/textarea><\/label><input type=\"hidden\" id=\"ak_js_1\" name=\"_wpcf7_ak_js\" value=\"145\"\/><script>document.getElementById( \"ak_js_1\" ).setAttribute( \"value\", ( new Date() ).getTime() );<\/script><\/p><div class=\"wpcf7-response-output\" aria-hidden=\"true\"><\/div><\/form><\/div>\n","protected":false},"excerpt":{"rendered":"<p>Fale Conosco Basta preencher o formul\u00e1rio\u00a0abaixo que em breve entraremos em contato.<\/p>\n","protected":false},"author":1,"featured_media":0,"parent":0,"menu_order":0,"comment_status":"open","ping_status":"open","template":"","meta":[],"_links":{"self":[{"href":"https:\/\/hirotaseguros.com.br\/index.php\/wp-json\/wp\/v2\/pages\/72"}],"collection":[{"href":"https:\/\/hirotaseguros.com.br\/index.php\/wp-json\/wp\/v2\/pages"}],"about":[{"href":"https:\/\/hirotaseguros.com.br\/index.php\/wp-json\/wp\/v2\/types\/page"}],"author":[{"embeddable":true,"href":"https:\/\/hirotaseguros.com.br\/index.php\/wp-json\/wp\/v2\/users\/1"}],"replies":[{"embeddable":true,"href":"https:\/\/hirotaseguros.com.br\/index.php\/wp-json\/wp\/v2\/comments?post=72"}],"version-history":[{"count":2,"href":"https:\/\/hirotaseguros.com.br\/index.php\/wp-json\/wp\/v2\/pages\/72\/revisions"}],"predecessor-version":[{"id":177,"href":"https:\/\/hirotaseguros.com.br\/index.php\/wp-json\/wp\/v2\/pages\/72\/revisions\/177"}],"wp:attachment":[{"href":"https:\/\/hirotaseguros.com.br\/index.php\/wp-json\/wp\/v2\/media?parent=72"}],"curies":[{"name":"wp","href":"https:\/\/api.w.org\/{rel}","templated":true}]}}