{"id":155,"date":"2015-06-03T12:34:11","date_gmt":"2015-06-03T12:34:11","guid":{"rendered":"http:\/\/localhost\/wordpress3\/?page_id=155"},"modified":"2015-06-03T12:34:11","modified_gmt":"2015-06-03T12:34:11","slug":"seguro-de-vida","status":"publish","type":"page","link":"https:\/\/hirotaseguros.com.br\/index.php\/seguro-de-vida\/","title":{"rendered":"Seguro de Vida"},"content":{"rendered":"<h1>Seguro de Vida<\/h1>\n<p>Existem V\u00e1rios Planos \u00e0 sua Escolha:<\/p>\n<p>Oferecemos diferentes opc\u00f5es de planos que se adaptam perfeitamente \u00e0s suas necessidades. Entre em contato conosco e conhe\u00e7a os detalhes de cada uma das op\u00e7\u00f5es de planos abaixo:<\/p>\n<p>&#8211; B\u00e1sica:<br \/>\nOferece as garantias de morte natural e acidental.<\/p>\n<p>&#8211; Capitais Lineares:<br \/>\nOferece as garantias de Morte Natural, Morte Acidental, Invalidez Permanente Parcial por<\/p>\n<p>&#8211; Acidente e Invalidez Permanente.<\/p>\n<p>&#8211; Capital em dobro para Morte Acidental:<br \/>\nOferece as mesmas coberturas citadas acima com o dobro do capital segurado para a cobertura de Morte Acidental.<\/p>\n<p>&#8211; Capitais em dobro para Morte Acidental e Invalidez Permanente Total ou Parcial por Acidente:<br \/>\nOferece todas as garantias e dobra os capitais para Morte Acidental e Invalidez Permanente Total ou Parcial por Acidente.<\/p>\n<p>&#8211; Capitais Lineares Com Antecipa\u00e7\u00e3o Especial por Doen\u00e7a:<br \/>\nOferece as garantias de Morte Natural, Morte Acidental, Invalidez Permanente Total ou Parcial por Acidente e AED.<\/p>\n<p>&#8211; Capital em dobro para Morte Acidental Com Antecipa\u00e7\u00e3o Especial por Doen\u00e7a:<br \/>\nOferece as mesmas coberturas citadas acima com o dobro do capital segurado para a cobertura de Morte Acidental e AED.<\/p>\n","protected":false},"excerpt":{"rendered":"<p>Seguro de Vida Existem V\u00e1rios Planos \u00e0 sua Escolha: Oferecemos diferentes opc\u00f5es de planos que se adaptam perfeitamente \u00e0s suas necessidades. Entre em contato conosco e conhe\u00e7a os detalhes de cada uma das op\u00e7\u00f5es de planos abaixo: &#8211; B\u00e1sica: Oferece as garantias de morte natural e acidental. &#8211; Capitais Lineares:&hellip; <\/p>\n","protected":false},"author":1,"featured_media":0,"parent":0,"menu_order":0,"comment_status":"open","ping_status":"open","template":"","meta":[],"_links":{"self":[{"href":"https:\/\/hirotaseguros.com.br\/index.php\/wp-json\/wp\/v2\/pages\/155"}],"collection":[{"href":"https:\/\/hirotaseguros.com.br\/index.php\/wp-json\/wp\/v2\/pages"}],"about":[{"href":"https:\/\/hirotaseguros.com.br\/index.php\/wp-json\/wp\/v2\/types\/page"}],"author":[{"embeddable":true,"href":"https:\/\/hirotaseguros.com.br\/index.php\/wp-json\/wp\/v2\/users\/1"}],"replies":[{"embeddable":true,"href":"https:\/\/hirotaseguros.com.br\/index.php\/wp-json\/wp\/v2\/comments?post=155"}],"version-history":[{"count":1,"href":"https:\/\/hirotaseguros.com.br\/index.php\/wp-json\/wp\/v2\/pages\/155\/revisions"}],"predecessor-version":[{"id":156,"href":"https:\/\/hirotaseguros.com.br\/index.php\/wp-json\/wp\/v2\/pages\/155\/revisions\/156"}],"wp:attachment":[{"href":"https:\/\/hirotaseguros.com.br\/index.php\/wp-json\/wp\/v2\/media?parent=155"}],"curies":[{"name":"wp","href":"https:\/\/api.w.org\/{rel}","templated":true}]}}