{"id":141,"date":"2015-06-03T11:55:10","date_gmt":"2015-06-03T11:55:10","guid":{"rendered":"http:\/\/localhost\/wordpress3\/?page_id=141"},"modified":"2015-06-03T11:55:10","modified_gmt":"2015-06-03T11:55:10","slug":"lojack","status":"publish","type":"page","link":"https:\/\/hirotaseguros.com.br\/index.php\/lojack\/","title":{"rendered":"Lojack"},"content":{"rendered":"<h1>Lojack<\/h1>\n<p><strong>Principais Vantagens:<\/strong><\/p>\n<p>&#8211; A Tecnologia LoJack proporciona descontos significativos no valor do seguro, de acordo com pr\u00e9via an\u00e1lise e crit\u00e9rios das seguradoras<br \/>\n&#8211; Essa tecnologia exclusiva permite rastrear o ve\u00edculo at\u00e9 mesmo em ambientes fechados e subterr\u00e2neos<br \/>\n&#8211; A Tracker do Brasil obedece a rigorosos padr\u00f5es de qualidade das principais montadoras. Desta forma, n\u00e3o s\u00e3o alteradas as caracter\u00edsticas originais do ve\u00edculo.<br \/>\n&#8211; \u00c9 um sistema compacto que pode ser instalado em at\u00e9 50 pontos aleat\u00f3rios do ve\u00edculo, dificultando a a\u00e7\u00e3o dos bandidos.<br \/>\n&#8211; Desenvolvido pelo MIT (Massachussets Institute of Technology &#8211; USA), maior centro de refer\u00eancia tecnol\u00f3gica do mundo.<\/p>\n<p><strong>Lojack Monitor Plus:<\/strong><\/p>\n<p>Tracker Monitor Plus \u00e9 a solu\u00e7\u00e3o sob medida para monitoramento e gerenciamento de frotas com foco no roubo ou furto. Isto significa que o monitoramento \u00e9 feito pelo cliente via internet atrav\u00e9s das tecnologias GPS e GSM\/GPRS (sat\u00e9lite + celula r), aliado a um grande diferencial: a tecnologia de radiofreq\u00fc\u00eancia.<\/p>\n<p>Como vantagens, destaca-se por permitir que o cliente customize toda sua opera\u00e7\u00e3o e que monitore e visualize a posi\u00e7\u00e3o exata de seu ve\u00edculo ou frota. Aliado ao monitoramento, o Tracker Monitor Plus agrega tranq\u00fcilidade e seguran\u00e7a ao cliente atrav\u00e9s da efic\u00e1cia da tecnologia de radiofreq\u00fc\u00eancia, permitindo o rastreio e a localiza\u00e7\u00e3o de ve\u00edculos em casos de roubo ou furto com abrang\u00eancia de cobertura nacional e pa\u00edses vizinhos, mesmo em locais fechados como t\u00faneis, garagens, subsolos e galp\u00f5es.<\/p>\n<p><strong>Lojack Auto:<\/strong><\/p>\n<p>Tracker Auto \u00e9 a solu\u00e7\u00e3o sob medida para rastreamento e localiza\u00e7\u00e3o de ve\u00edculos desenvolvido especialmente para os casos de roubo ou furto.<\/p>\n<p>A tecnologia LoJack, presente no produto, \u00e9 a \u00fanica capaz de encontrar ve\u00edculos mesmo em locais fechados como t\u00faneis, garagens, subsolos e galp\u00f5es, sem interfer\u00eancia e interrup\u00e7\u00e3o do sinal ou \u00e1rea de sombra.<\/p>\n<p>LoJack foi desenvolvido pelo MIT (Massachusetts Institute of Technology), maior centro de refer\u00eancia tecnol\u00f3gica do mundo, com a finalidade de auxiliar os \u00f3rg\u00e3os de seguran\u00e7a e a sociedade civil no combate ao crime.<\/p>\n<p>A tecnologia LoJack est\u00e1 presente hoje em mais de 30 pa\u00edses, superando os 3 milh\u00f5es de ve\u00edculos sob sua prote\u00e7\u00e3o e mais de 180 mil autom\u00f3veis recuperados, evitando preju\u00edzos acima de US$ 3 bilh\u00f5es em ativos.<\/p>\n<p><strong>Lojack M\u00e1quina:<\/strong><\/p>\n<p>Tracker M\u00e1quina \u00e9 a solu\u00e7\u00e3o sob medida contra roubo ou furto com a tecnologia LoJack, destinado a empres\u00e1rios e propriet\u00e1rios de maquin\u00e1rio pesado do agroneg\u00f3cio, constru\u00e7\u00e3o civil, minera\u00e7\u00e3o, servi\u00e7o p\u00fablico, entre outras atividades.<\/p>\n<p>Por possuir uma blindagem especial, confere maior resist\u00eancia e durabilidade, sendo capaz de enfrentar situa\u00e7\u00f5es extremas de temperatura, umidade e press\u00e3o, al\u00e9m da constante trepida\u00e7\u00e3o e poeira.<\/p>\n<p>Com a tecnologia LoJack \u00e9 poss\u00edvel rastrear e localizar maquin\u00e1rios pesados mesmo em locais fechados como t\u00faneis, garagens, subsolos e galp\u00f5es, sem interfer\u00eancia e interrup\u00e7\u00e3o do sinal ou \u00e1rea de sombra.<\/p>\n<p><strong>Lojack Moto:<\/strong><\/p>\n<p>Tracker Moto \u00e9 a solu\u00e7\u00e3o mais eficaz contra roubo ou furto de motocicletas, pois conta com a tecnologia LoJack, que permite o rastreamento e a localiza\u00e7\u00e3o de motos mesmo em lugares fechados, como t\u00faneis, garagens, subsolos e galp\u00f5es, sem interfer\u00eancia e interrup\u00e7\u00e3o do sinal ou \u00e1rea de sombra.<\/p>\n<p>Dispon\u00edvel exclusivamente para motocicletas acima de 400 cilindradas, o produto de tamanho miniaturizado e antena oculta \u00e9 capaz de suportar varia\u00e7\u00f5es de temperatura e clima, devido a sua impermeabiliza\u00e7\u00e3o.<\/p>\n<p>Desenvolvido especificamente para os casos de roubo ou furto, o dispositivo possui alimenta\u00e7\u00e3o pr\u00f3pria de bateria, o que permite seu funcionamento mesmo sem a bateria da motocicleta.<\/p>\n<p><strong>Cobertura:<\/strong><\/p>\n<p>A Tracker possui cobertura nacional com mais de 500 antenas distribu\u00eddas por todo o territ\u00f3rio brasileiro. Al\u00e9m disso, det\u00eam equipes de pronta-resposta com rea\u00e7\u00e3o imediata em 11 estados e Distrito Federal, e rea\u00e7\u00e3o programada nos demais estados.<\/p>\n<p>Em conjunto com empresas do Tracker VSR Group, da qual a Tracker do Brasil Faz parte, e com representantes da tecnologia LoJack na Am\u00e9rica do Sul, \u00e9 poss\u00edvel tamb\u00e9m rastrear ve\u00edculos em pa\u00edses vizinhos como, Argentina, Paraguai, Uruguai, Col\u00f4mbia e Venezuela.<\/p>\n","protected":false},"excerpt":{"rendered":"<p>Lojack Principais Vantagens: &#8211; A Tecnologia LoJack proporciona descontos significativos no valor do seguro, de acordo com pr\u00e9via an\u00e1lise e crit\u00e9rios das seguradoras &#8211; Essa tecnologia exclusiva permite rastrear o ve\u00edculo at\u00e9 mesmo em ambientes fechados e subterr\u00e2neos &#8211; A Tracker do Brasil obedece a rigorosos padr\u00f5es de qualidade das&hellip; <\/p>\n","protected":false},"author":1,"featured_media":0,"parent":0,"menu_order":0,"comment_status":"open","ping_status":"open","template":"","meta":[],"_links":{"self":[{"href":"https:\/\/hirotaseguros.com.br\/index.php\/wp-json\/wp\/v2\/pages\/141"}],"collection":[{"href":"https:\/\/hirotaseguros.com.br\/index.php\/wp-json\/wp\/v2\/pages"}],"about":[{"href":"https:\/\/hirotaseguros.com.br\/index.php\/wp-json\/wp\/v2\/types\/page"}],"author":[{"embeddable":true,"href":"https:\/\/hirotaseguros.com.br\/index.php\/wp-json\/wp\/v2\/users\/1"}],"replies":[{"embeddable":true,"href":"https:\/\/hirotaseguros.com.br\/index.php\/wp-json\/wp\/v2\/comments?post=141"}],"version-history":[{"count":1,"href":"https:\/\/hirotaseguros.com.br\/index.php\/wp-json\/wp\/v2\/pages\/141\/revisions"}],"predecessor-version":[{"id":143,"href":"https:\/\/hirotaseguros.com.br\/index.php\/wp-json\/wp\/v2\/pages\/141\/revisions\/143"}],"wp:attachment":[{"href":"https:\/\/hirotaseguros.com.br\/index.php\/wp-json\/wp\/v2\/media?parent=141"}],"curies":[{"name":"wp","href":"https:\/\/api.w.org\/{rel}","templated":true}]}}