{"id":136,"date":"2015-06-03T11:51:09","date_gmt":"2015-06-03T11:51:09","guid":{"rendered":"http:\/\/localhost\/wordpress3\/?page_id=136"},"modified":"2015-06-03T11:51:09","modified_gmt":"2015-06-03T11:51:09","slug":"gestao-de-riscos","status":"publish","type":"page","link":"https:\/\/hirotaseguros.com.br\/index.php\/gestao-de-riscos\/","title":{"rendered":"Gest\u00e3o de Riscos"},"content":{"rendered":"<h1>Gest\u00e3o de Riscos<\/h1>\n<p>&#8211; Gerenciamento de Riscos.<br \/>\n&#8211; Rastreamento de Seguran\u00e7a de Frota.<br \/>\n&#8211; Acompanhamento Log\u00edstico de Frota.<br \/>\n&#8211; Gerenciamento de Perdas no Transporte.<br \/>\n&#8211; Telemonitoramento do Processo de Transfer\u00eancia de Mercadorias.<br \/>\n&#8211; Planos de Escolta para Cargas de Alto Valor.<br \/>\n&#8211; Elabora\u00e7\u00e3o e Execu\u00e7\u00e3o de Planos de Conting\u00eancia.<br \/>\n&#8211; Gerenciamento do Grupo de Transportadoras.<br \/>\n&#8211; Cadastro de Motoristas Pr\u00f3prios, Agregados e Terceiros.<br \/>\n&#8211; Gerenciamento das Metas de Transporte Estipuladas pelo Embarcador.<br \/>\n&#8211; Planos de Redu\u00e7\u00e3o de Perdas e Avarias no Processo de Transporte.<br \/>\n&#8211; Suporte T\u00e9cnico nas Negocia\u00e7\u00f5es de Seguros.<br \/>\n&#8211; Cadastro dos Profissionais Internos do Complexo Industrial(RH).<br \/>\n&#8211; Sele\u00e7\u00e3o Profissional e Controle de Qualidade dos Servi\u00e7os Terceirizados.<br \/>\n&#8211; Estudos de Seguran\u00e7a do Complexo Industrial, Galp\u00f5es e Armazens.<br \/>\n&#8211; Mapeamento das \u00c1reas Sens\u00edveis.<br \/>\n&#8211; Monitoramento de Imagens a Dist\u00e2ncia para Seguran\u00e7a Interna.<br \/>\n&#8211; Estudo de Seguran\u00e7a das Informa\u00e7\u00f5es.<br \/>\n&#8211; Equipes de Investiga\u00e7\u00e3o e Interven\u00e7\u00e3o.<\/p>\n","protected":false},"excerpt":{"rendered":"<p>Gest\u00e3o de Riscos &#8211; Gerenciamento de Riscos. &#8211; Rastreamento de Seguran\u00e7a de Frota. &#8211; Acompanhamento Log\u00edstico de Frota. &#8211; Gerenciamento de Perdas no Transporte. &#8211; Telemonitoramento do Processo de Transfer\u00eancia de Mercadorias. &#8211; Planos de Escolta para Cargas de Alto Valor. &#8211; Elabora\u00e7\u00e3o e Execu\u00e7\u00e3o de Planos de Conting\u00eancia. &#8211;&hellip; <\/p>\n","protected":false},"author":1,"featured_media":0,"parent":0,"menu_order":0,"comment_status":"open","ping_status":"open","template":"","meta":[],"_links":{"self":[{"href":"https:\/\/hirotaseguros.com.br\/index.php\/wp-json\/wp\/v2\/pages\/136"}],"collection":[{"href":"https:\/\/hirotaseguros.com.br\/index.php\/wp-json\/wp\/v2\/pages"}],"about":[{"href":"https:\/\/hirotaseguros.com.br\/index.php\/wp-json\/wp\/v2\/types\/page"}],"author":[{"embeddable":true,"href":"https:\/\/hirotaseguros.com.br\/index.php\/wp-json\/wp\/v2\/users\/1"}],"replies":[{"embeddable":true,"href":"https:\/\/hirotaseguros.com.br\/index.php\/wp-json\/wp\/v2\/comments?post=136"}],"version-history":[{"count":1,"href":"https:\/\/hirotaseguros.com.br\/index.php\/wp-json\/wp\/v2\/pages\/136\/revisions"}],"predecessor-version":[{"id":137,"href":"https:\/\/hirotaseguros.com.br\/index.php\/wp-json\/wp\/v2\/pages\/136\/revisions\/137"}],"wp:attachment":[{"href":"https:\/\/hirotaseguros.com.br\/index.php\/wp-json\/wp\/v2\/media?parent=136"}],"curies":[{"name":"wp","href":"https:\/\/api.w.org\/{rel}","templated":true}]}}