{"id":111,"date":"2015-06-02T20:24:13","date_gmt":"2015-06-02T20:24:13","guid":{"rendered":"http:\/\/localhost\/wordpress3\/?page_id=111"},"modified":"2015-06-02T20:24:13","modified_gmt":"2015-06-02T20:24:13","slug":"transporte-nacional","status":"publish","type":"page","link":"https:\/\/hirotaseguros.com.br\/index.php\/transporte-nacional\/","title":{"rendered":"Transporte Nacional"},"content":{"rendered":"<h1>Transporte Nacional<\/h1>\n<p>O SeguroTransportador Rodovi\u00e1rio RCTR-C garante prote\u00e7\u00e3o contra preju\u00edzos causados nas mercadorias entregues a ele para transporte, caso aconte\u00e7a acidente rodovi\u00e1rio envolvendo o ve\u00edculo transportador decorrente de colis\u00e3o, capotagem, abalroamento, tombamento, inc\u00eandio ou explos\u00e3o no ve\u00edculo.<\/p>\n<p>&#8211; Responsabilidade Civil Facultativa do Transportador Rodovi\u00e1rio por Desaparecimento de Carga ( RCF-DC ):<br \/>\nAl\u00e9m dos acidentes envolvendo a mercadoria, outra grande preocupa\u00e7\u00e3o do Transportador Rodovi\u00e1rio \u00e9 o risco de roubo. Para esta situa\u00e7\u00e3o ele poder\u00e1 contratar o seguro de RCF-DC, garantindo a cobertura dos preju\u00edzos causados na carga transportada pelo roubo mediante a grave amea\u00e7a ou viol\u00eancia ou pelo desaparecimento por conseq\u00fc\u00eancia de apropria\u00e7\u00e3o ind\u00e9bita, estelionato, furto simples ou qualificado, extors\u00e3o simples ou mediante seq\u00fcestro.<\/p>\n<p>&#8211; Transporte Nacional (Averbar ou Avulso)<br \/>\nO Propriet\u00e1rio da mercadoria tamb\u00e9m conhecido no mercado segurador como &#8220;embarcador&#8221; poder\u00e1 efetuar o transporte de suas mercadorias em ve\u00edculo pr\u00f3prio, por meio de empresa transportadora ou por transportador aut\u00f4nomo, com mais tranq\u00fcilidade contratando este seguro. O Seguro Transporte Nacional garantir\u00e1 a cobertura de danos e perdas sofridos pela mercadoria durante o transporte, seja por via terrestre, a\u00e9rea ou aquavi\u00e1ria, em caso de acidente envolvendo o ve\u00edculo transportador decorrente de colis\u00e3o, capotagem, abalroamento, tombamento, inc\u00eandio ou explos\u00e3o no ve\u00edculo, e ainda, roubo proveniente de assalto a m\u00e3o armada ou desaparecimento do carregamento total do ve\u00edculo.<\/p>\n","protected":false},"excerpt":{"rendered":"<p>Transporte Nacional O SeguroTransportador Rodovi\u00e1rio RCTR-C garante prote\u00e7\u00e3o contra preju\u00edzos causados nas mercadorias entregues a ele para transporte, caso aconte\u00e7a acidente rodovi\u00e1rio envolvendo o ve\u00edculo transportador decorrente de colis\u00e3o, capotagem, abalroamento, tombamento, inc\u00eandio ou explos\u00e3o no ve\u00edculo. &#8211; Responsabilidade Civil Facultativa do Transportador Rodovi\u00e1rio por Desaparecimento de Carga ( RCF-DC&hellip; <\/p>\n","protected":false},"author":1,"featured_media":0,"parent":0,"menu_order":0,"comment_status":"open","ping_status":"open","template":"","meta":[],"_links":{"self":[{"href":"https:\/\/hirotaseguros.com.br\/index.php\/wp-json\/wp\/v2\/pages\/111"}],"collection":[{"href":"https:\/\/hirotaseguros.com.br\/index.php\/wp-json\/wp\/v2\/pages"}],"about":[{"href":"https:\/\/hirotaseguros.com.br\/index.php\/wp-json\/wp\/v2\/types\/page"}],"author":[{"embeddable":true,"href":"https:\/\/hirotaseguros.com.br\/index.php\/wp-json\/wp\/v2\/users\/1"}],"replies":[{"embeddable":true,"href":"https:\/\/hirotaseguros.com.br\/index.php\/wp-json\/wp\/v2\/comments?post=111"}],"version-history":[{"count":1,"href":"https:\/\/hirotaseguros.com.br\/index.php\/wp-json\/wp\/v2\/pages\/111\/revisions"}],"predecessor-version":[{"id":113,"href":"https:\/\/hirotaseguros.com.br\/index.php\/wp-json\/wp\/v2\/pages\/111\/revisions\/113"}],"wp:attachment":[{"href":"https:\/\/hirotaseguros.com.br\/index.php\/wp-json\/wp\/v2\/media?parent=111"}],"curies":[{"name":"wp","href":"https:\/\/api.w.org\/{rel}","templated":true}]}}