{"id":109,"date":"2015-06-02T20:15:32","date_gmt":"2015-06-02T20:15:32","guid":{"rendered":"http:\/\/localhost\/wordpress3\/?page_id=109"},"modified":"2015-06-02T20:16:42","modified_gmt":"2015-06-02T20:16:42","slug":"transporte-internacional","status":"publish","type":"page","link":"https:\/\/hirotaseguros.com.br\/index.php\/transporte-internacional\/","title":{"rendered":"Transporte Internacional"},"content":{"rendered":"<h1>Transporte Internacional<\/h1>\n<p>Seguro ideal para as opera\u00e7\u00f5es de exporta\u00e7\u00e3o e importa\u00e7\u00e3o, sejam elas realizadas por via a\u00e9rea, aquavi\u00e1ria ou terrestre. O Segurado poder\u00e1 contar com uma cobertura adequada ao risco da viagem e a condi\u00e7\u00e3o de venda estipulada na sua negocia\u00e7\u00e3o. Al\u00e9m das mercadorias, este seguro possibilita a cobertura para Impostos, Frete, Lucros Esperados e Despesas Diversas.<\/p>\n<p>Para os seguros contratados em moeda estrangeira, o Seguro concede ao segurado a possibilidade de pagamento do custo do seguro em moeda nacional (R$), desonerando eventuais encargos com fechamento de c\u00e2mbio.<\/p>\n<p>Vistoria preliminar para seguros de Transporte Internacional &#8211; Importa\u00e7\u00e3o (ap\u00f3lice avulsa ou averbar), nos principais Portos e Aeroportos do pa\u00eds.<\/p>\n<p>Al\u00e9m dos seguros citados, o Seguro Transportes possui outros produtos dispon\u00edveis para atender as necessidades de seus clientes, como:<\/p>\n<p>&#8211; RCTR-VI &#8211; Seguro Responsabilidade Civil do Transportador em Viagem Internacional (Danos a Carga Transportada)<\/p>\n<p>&#8211; RCTA-C &#8211; Seguro Responsabilidade Civil do Transportador A\u00e9reo Carga<\/p>\n<p>&#8211; Cascos Mar\u00edtimos Seguros para Embarca\u00e7\u00f5es<\/p>\n<p>&#8211; Aeron\u00e1uticos RETA: Responsabilidade do Explorador ou Transportador A\u00e9reo<\/p>\n","protected":false},"excerpt":{"rendered":"<p>Transporte Internacional Seguro ideal para as opera\u00e7\u00f5es de exporta\u00e7\u00e3o e importa\u00e7\u00e3o, sejam elas realizadas por via a\u00e9rea, aquavi\u00e1ria ou terrestre. O Segurado poder\u00e1 contar com uma cobertura adequada ao risco da viagem e a condi\u00e7\u00e3o de venda estipulada na sua negocia\u00e7\u00e3o. Al\u00e9m das mercadorias, este seguro possibilita a cobertura para&hellip; <\/p>\n","protected":false},"author":1,"featured_media":0,"parent":0,"menu_order":0,"comment_status":"open","ping_status":"open","template":"","meta":[],"_links":{"self":[{"href":"https:\/\/hirotaseguros.com.br\/index.php\/wp-json\/wp\/v2\/pages\/109"}],"collection":[{"href":"https:\/\/hirotaseguros.com.br\/index.php\/wp-json\/wp\/v2\/pages"}],"about":[{"href":"https:\/\/hirotaseguros.com.br\/index.php\/wp-json\/wp\/v2\/types\/page"}],"author":[{"embeddable":true,"href":"https:\/\/hirotaseguros.com.br\/index.php\/wp-json\/wp\/v2\/users\/1"}],"replies":[{"embeddable":true,"href":"https:\/\/hirotaseguros.com.br\/index.php\/wp-json\/wp\/v2\/comments?post=109"}],"version-history":[{"count":1,"href":"https:\/\/hirotaseguros.com.br\/index.php\/wp-json\/wp\/v2\/pages\/109\/revisions"}],"predecessor-version":[{"id":110,"href":"https:\/\/hirotaseguros.com.br\/index.php\/wp-json\/wp\/v2\/pages\/109\/revisions\/110"}],"wp:attachment":[{"href":"https:\/\/hirotaseguros.com.br\/index.php\/wp-json\/wp\/v2\/media?parent=109"}],"curies":[{"name":"wp","href":"https:\/\/api.w.org\/{rel}","templated":true}]}}