{"id":100,"date":"2015-06-02T19:59:08","date_gmt":"2015-06-02T19:59:08","guid":{"rendered":"http:\/\/localhost\/wordpress3\/?page_id=100"},"modified":"2015-06-02T20:02:16","modified_gmt":"2015-06-02T20:02:16","slug":"seguro-riscos-de-engenharia","status":"publish","type":"page","link":"https:\/\/hirotaseguros.com.br\/index.php\/seguro-riscos-de-engenharia\/","title":{"rendered":"Seguro Riscos de Engenharia"},"content":{"rendered":"<h1>Seguro Riscos de Engenharia<\/h1>\n<p>Riscos de Engenharia \u00e9 um ramo de seguro desenvolvido para oferecer ap\u00f3lices do tipo &#8220;todos os riscos&#8221;, para Obras Civis em Constru\u00e7\u00e3o. Tamb\u00e9m oferece ap\u00f3lices do tipo &#8220;todos os riscos&#8221;, para cobertura de Quebra de M\u00e1quinas e Equipamentos Eletr\u00f4nicos, durante sua opera\u00e7\u00e3o.<\/p>\n<p>Os seguros de Risco de Engenharia oferecem cobertura contra todos os riscos para os bens segurados, decorrentes de qualquer acidente que resulte em perdas e danos materiais a obras civis em constru\u00e7\u00e3o, instala\u00e7\u00e3o e montagem de m\u00e1quinas e equipamentos, quebra de m\u00e1quinas em funcionamento e equipamentos eletr\u00f4nicos.<\/p>\n<p>As modalidades de quebra de m\u00e1quinas e equipamentos eletr\u00f4nicos, podem ser contratadas, em alguns casos, como coberturas acess\u00f3rias no Seguro Multirrisco.<\/p>\n<p><strong>Obras Civis em Constru\u00e7\u00e3o<\/strong><\/p>\n<p>Visa oferecer cobertura contra todo tipo de acidente de origem s\u00fabita e imprevista, que provoque danos e perdas materiais, para qualquer obra de engenharia civil, durante todo o per\u00edodo da obra e, opcionalmente, tamb\u00e9m durante o per\u00edodo de manuten\u00e7\u00e3o.<\/p>\n<p>Pode ser contratado pelo principal empreiteiro ou pelo dono da constru\u00e7\u00e3o, e em todos os casos todos os empreiteiros e subempreiteiros que participam da constru\u00e7\u00e3o ser\u00e3o considerados segurados.<\/p>\n<p>Al\u00e9m da pr\u00f3pria obra civil e dos materiais armazenados no canteiro de obras, podem ser cobertos, adicionalmente, as m\u00e1quinas e equipamentos utilizados para a execu\u00e7\u00e3o dos trabalhos da obra.<\/p>\n<p>S\u00e3o riscos exclu\u00eddos os decorrentes de erro de projeto, guerra, tumultos e greves, danos mec\u00e2nicos e el\u00e9tricos internos de m\u00e1quinas e equipamentos, furto simples e desaparecimento.<\/p>\n<p>\u00c9 um seguro proporcional, pode ser aplicado rateio, e a franquia (participa\u00e7\u00e3o do segurado em caso de sinistro) \u00e9 obrigat\u00f3ria.<br \/>\n<strong>Instala\u00e7\u00e3o e Montagem de M\u00e1quinas e Equipamentos<\/strong><\/p>\n<p>O seguro de Instala\u00e7\u00e3o e Montagem pode ser contratado tanto pelo fabricante ou fornecedor da m\u00e1quina, equipamento ou f\u00e1brica completa a ser instalada e montada, como pela firma encarregada da montagem ou at\u00e9 pelo comprador.<\/p>\n<p>Visa cobrir os danos e perdas que possam sofrer as m\u00e1quinas e equipamentos, durante sua instala\u00e7\u00e3o e montagem, resultantes de qualquer acidente de origem s\u00fabita e imprevista.<\/p>\n<p>S\u00e3o riscos exclu\u00eddos os resultantes de erros de projeto, defeito de material, guerra, greve e tumultos, furto simples ou desaparecimento.<\/p>\n<p>\u00c9 um seguro proporcional, pode ser aplicado rateio, e a franquia (participa\u00e7\u00e3o do segurado em caso de sinistro) \u00e9 obrigat\u00f3ria.<br \/>\n<strong>Quebra de M\u00e1quinas<\/strong><\/p>\n<p>S\u00e3o pass\u00edveis deste seguro todos os tipos de m\u00e1quinas, estacion\u00e1rias ou m\u00f3veis, utilizadas na ind\u00fastria e no com\u00e9rcio, novas e usadas. Apenas est\u00e3o exclu\u00eddos todos os tipos de fornos, alguns tipos espec\u00edficos de prensas, m\u00e1quinas agr\u00edcolas e m\u00e1quinas de minera\u00e7\u00e3o em subsolo.<\/p>\n<p>O seguro visa cobrir todos os tipos de danos materiais causados por acidentes de natureza s\u00fabita e imprevis\u00edvel, exceto por inc\u00eandio, queda de raio, explos\u00e3o, roubo, e convuls\u00f5es da natureza, que s\u00e3o cobertos por outros tipos de seguro, e danos cobertos pela garantia do fabricante.<\/p>\n<p>\u00c9 um seguro proporcional, pode ser aplicado rateio, e a franquia (participa\u00e7\u00e3o do segurado em caso de sinistro) \u00e9 obrigat\u00f3ria, exceto em casos de perda total.<br \/>\n<strong>Equipamentos Eletr\u00f4nicos<\/strong><\/p>\n<p>Visa oferecer cobertura aos equipamentos eletr\u00f4nicos em caso de perdas ou danos decorrentes de qualquer tipo de acidente (inclusive falha humana de funcion\u00e1rios).<\/p>\n<p>S\u00e3o segur\u00e1veis nesta modalidade os equipamentos de inform\u00e1tica e telecomunica\u00e7\u00f5es, equipamentos m\u00e9dicos, equipamentos de precis\u00e3o, e outros an\u00e1logos.<\/p>\n<p>As \u00fanicas exclus\u00f5es nesta modalidade referem-se a guerras, tumultos e greves, roubo, furto qualificado e furto simples, danos de responsabilidade do fabricante ou fornecedor, e dolo por parte do segurado, seus diretores e representantes.<\/p>\n<p>Por\u00e9m podem ser contratadas coberturas adicionais para roubo e furto qualificado, e tumultos e greves, al\u00e9m de cobertura para despesas extraordin\u00e1rias decorrentes de sinistro coberto.<\/p>\n<p>\u00c9 um seguro proporcional, pode ser aplicado rateio, e a franquia (participa\u00e7\u00e3o do segurado em caso de sinistro) \u00e9 obrigat\u00f3ria, exceto em casos de perda total.<\/p>\n","protected":false},"excerpt":{"rendered":"<p>Seguro Riscos de Engenharia Riscos de Engenharia \u00e9 um ramo de seguro desenvolvido para oferecer ap\u00f3lices do tipo &#8220;todos os riscos&#8221;, para Obras Civis em Constru\u00e7\u00e3o. Tamb\u00e9m oferece ap\u00f3lices do tipo &#8220;todos os riscos&#8221;, para cobertura de Quebra de M\u00e1quinas e Equipamentos Eletr\u00f4nicos, durante sua opera\u00e7\u00e3o. Os seguros de Risco&hellip; <\/p>\n","protected":false},"author":1,"featured_media":0,"parent":0,"menu_order":0,"comment_status":"open","ping_status":"open","template":"","meta":[],"_links":{"self":[{"href":"https:\/\/hirotaseguros.com.br\/index.php\/wp-json\/wp\/v2\/pages\/100"}],"collection":[{"href":"https:\/\/hirotaseguros.com.br\/index.php\/wp-json\/wp\/v2\/pages"}],"about":[{"href":"https:\/\/hirotaseguros.com.br\/index.php\/wp-json\/wp\/v2\/types\/page"}],"author":[{"embeddable":true,"href":"https:\/\/hirotaseguros.com.br\/index.php\/wp-json\/wp\/v2\/users\/1"}],"replies":[{"embeddable":true,"href":"https:\/\/hirotaseguros.com.br\/index.php\/wp-json\/wp\/v2\/comments?post=100"}],"version-history":[{"count":2,"href":"https:\/\/hirotaseguros.com.br\/index.php\/wp-json\/wp\/v2\/pages\/100\/revisions"}],"predecessor-version":[{"id":103,"href":"https:\/\/hirotaseguros.com.br\/index.php\/wp-json\/wp\/v2\/pages\/100\/revisions\/103"}],"wp:attachment":[{"href":"https:\/\/hirotaseguros.com.br\/index.php\/wp-json\/wp\/v2\/media?parent=100"}],"curies":[{"name":"wp","href":"https:\/\/api.w.org\/{rel}","templated":true}]}}