{"id":86,"date":"2015-06-02T19:10:20","date_gmt":"2015-06-02T19:10:20","guid":{"rendered":"http:\/\/localhost\/wordpress3\/?page_id=86"},"modified":"2015-06-02T19:51:47","modified_gmt":"2015-06-02T19:51:47","slug":"seguro-construcao","status":"publish","type":"page","link":"http:\/\/hirotaseguros.com.br\/index.php\/seguro-construcao\/","title":{"rendered":"Seguro Constru\u00e7\u00e3o"},"content":{"rendered":"<h1>Seguro Constru\u00e7\u00e3o<\/h1>\n<p><strong>Coberturas B\u00e1sicas<\/strong><\/p>\n<p>1- Inc\u00eandio, Danos da Natureza, Impacto de Ve\u00edculos e Queda de Aeronaves.<br \/>\n2- Danos Indiretos, causados por erros de projeto ou execu\u00e7\u00e3o, al\u00e9m de defeitos de material ou de fabrica\u00e7\u00e3o que comprometam a obra.<br \/>\n3- Sabotagens, Roubo, Furto Qualificado e Tumultos com pr\u00e1tica de atos predat\u00f3rios<br \/>\n4- Despesas de Desentulho para remo\u00e7\u00e3o de escombros do canteiro de obras, incluindo transporte e descarregamento.<br \/>\n5- Perdas e Danos Materiais de Equipamentos de Pequenos e M\u00e9dios Porte, como furadeiras, lixadeiras e serras el\u00e9tricas.<br \/>\n6- Perdas e Danos de Equipamentos de Escrit\u00f3rio e Inform\u00e1tica.<\/p>\n<p><strong>Coberturas Opcionais<\/strong><\/p>\n<p>&#8211; Responsabilidade Civil Geral: reembolsa quantias relativas a reclama\u00e7\u00f5es por danos corporais e materiais causados involuntariamente a terceiros<\/p>\n<p>&#8211; Responsabilidade Civil Cruzada: equipara todos os empreiteiros, subempreiteiros, diretores, funcion\u00e1rios e assessores atuantes na obra, como segurados e terceiros entre si<\/p>\n<p>&#8211; Cobertura para Mobili\u00e1rio e Eletrodom\u00e9sticos: exclusiva para a constru\u00e7\u00e3o de flats e hot\u00e9is<\/p>\n<p>&#8211; Cobertura para Manuten\u00e7\u00e3o: garante perdas e danos materiais causados pelos empreiteiros segurados aos bens cobertos, durante as opera\u00e7\u00f5es realizadas para cumprir as obriga\u00e7\u00f5es contratuais de manuten\u00e7\u00e3o<\/p>\n<p>&#8211; Propriedades Circunvizinhas: cobre os preju\u00edzos que o segurado venha a sofrer por perdas e danos materiais a outros bens de sua propriedade ou a bens de terceiros, sob sua guarda, existentes no canteiro de obras<\/p>\n<p>&#8211; Extens\u00e3o de Cobertura: aplicada \u00e0s coberturas de Responsabilidade Civil e Propriedades Circunvizinhas em caso de preju\u00edzos decorrentes da execu\u00e7\u00e3o das funda\u00e7\u00f5es de obras<\/p>\n","protected":false},"excerpt":{"rendered":"<p>Seguro Constru\u00e7\u00e3o Coberturas B\u00e1sicas 1- Inc\u00eandio, Danos da Natureza, Impacto de Ve\u00edculos e Queda de Aeronaves. 2- Danos Indiretos, causados por erros de projeto ou execu\u00e7\u00e3o, al\u00e9m de defeitos de material ou de fabrica\u00e7\u00e3o que comprometam a obra. 3- Sabotagens, Roubo, Furto Qualificado e Tumultos com pr\u00e1tica de atos predat\u00f3rios&hellip; <\/p>\n","protected":false},"author":1,"featured_media":0,"parent":0,"menu_order":0,"comment_status":"open","ping_status":"open","template":"","meta":[],"_links":{"self":[{"href":"http:\/\/hirotaseguros.com.br\/index.php\/wp-json\/wp\/v2\/pages\/86"}],"collection":[{"href":"http:\/\/hirotaseguros.com.br\/index.php\/wp-json\/wp\/v2\/pages"}],"about":[{"href":"http:\/\/hirotaseguros.com.br\/index.php\/wp-json\/wp\/v2\/types\/page"}],"author":[{"embeddable":true,"href":"http:\/\/hirotaseguros.com.br\/index.php\/wp-json\/wp\/v2\/users\/1"}],"replies":[{"embeddable":true,"href":"http:\/\/hirotaseguros.com.br\/index.php\/wp-json\/wp\/v2\/comments?post=86"}],"version-history":[{"count":2,"href":"http:\/\/hirotaseguros.com.br\/index.php\/wp-json\/wp\/v2\/pages\/86\/revisions"}],"predecessor-version":[{"id":92,"href":"http:\/\/hirotaseguros.com.br\/index.php\/wp-json\/wp\/v2\/pages\/86\/revisions\/92"}],"wp:attachment":[{"href":"http:\/\/hirotaseguros.com.br\/index.php\/wp-json\/wp\/v2\/media?parent=86"}],"curies":[{"name":"wp","href":"https:\/\/api.w.org\/{rel}","templated":true}]}}