{"id":80,"date":"2015-06-02T19:06:52","date_gmt":"2015-06-02T19:06:52","guid":{"rendered":"http:\/\/localhost\/wordpress3\/?page_id=80"},"modified":"2015-06-10T14:55:20","modified_gmt":"2015-06-10T14:55:20","slug":"imoveis-e-construcoes","status":"publish","type":"page","link":"http:\/\/hirotaseguros.com.br\/index.php\/imoveis-e-construcoes\/","title":{"rendered":"Im\u00f3veis e Constru\u00e7\u00f5es"},"content":{"rendered":"<h1>Im\u00f3veis e Constru\u00e7\u00f5es<\/h1>\n<p><a href=\"http:\/\/hirotaseguros.com.br\/site\/index.php\/seguro-aluguelfianca\/\">Seguro Aluguel\/Fian\u00e7a<\/a><br \/>\n<a href=\"http:\/\/hirotaseguros.com.br\/site\/index.php\/seguro-construcao\/\">Seguro Constru\u00e7\u00e3o<\/a><br \/>\n<a href=\"http:\/\/hirotaseguros.com.br\/site\/index.php\/seguro-imobiliaria-2\/\">Seguro Imobili\u00e1ria<\/a><br \/>\n<a href=\"http:\/\/hirotaseguros.com.br\/site\/index.php\/seguro-para-condominios\/\">Seguro Para Condom\u00ednios<\/a><br \/>\n<a href=\"http:\/\/hirotaseguros.com.br\/site\/index.php\/seguro-residencia\/\">Seguro Resid\u00eancia<\/a><br \/>\n<a href=\"http:\/\/hirotaseguros.com.br\/site\/index.php\/seguro-riscos-de-engenharia\/\">Seguro Riscos de Engenharia<\/a><\/p>\n","protected":false},"excerpt":{"rendered":"<p>Im\u00f3veis e Constru\u00e7\u00f5es Seguro Aluguel\/Fian\u00e7a Seguro Constru\u00e7\u00e3o Seguro Imobili\u00e1ria Seguro Para Condom\u00ednios Seguro Resid\u00eancia Seguro Riscos de Engenharia<\/p>\n","protected":false},"author":1,"featured_media":0,"parent":0,"menu_order":0,"comment_status":"open","ping_status":"open","template":"","meta":[],"_links":{"self":[{"href":"http:\/\/hirotaseguros.com.br\/index.php\/wp-json\/wp\/v2\/pages\/80"}],"collection":[{"href":"http:\/\/hirotaseguros.com.br\/index.php\/wp-json\/wp\/v2\/pages"}],"about":[{"href":"http:\/\/hirotaseguros.com.br\/index.php\/wp-json\/wp\/v2\/types\/page"}],"author":[{"embeddable":true,"href":"http:\/\/hirotaseguros.com.br\/index.php\/wp-json\/wp\/v2\/users\/1"}],"replies":[{"embeddable":true,"href":"http:\/\/hirotaseguros.com.br\/index.php\/wp-json\/wp\/v2\/comments?post=80"}],"version-history":[{"count":10,"href":"http:\/\/hirotaseguros.com.br\/index.php\/wp-json\/wp\/v2\/pages\/80\/revisions"}],"predecessor-version":[{"id":183,"href":"http:\/\/hirotaseguros.com.br\/index.php\/wp-json\/wp\/v2\/pages\/80\/revisions\/183"}],"wp:attachment":[{"href":"http:\/\/hirotaseguros.com.br\/index.php\/wp-json\/wp\/v2\/media?parent=80"}],"curies":[{"name":"wp","href":"https:\/\/api.w.org\/{rel}","templated":true}]}}