{"id":74,"date":"2015-06-02T17:56:25","date_gmt":"2015-06-02T17:56:25","guid":{"rendered":"http:\/\/localhost\/wordpress3\/?page_id=74"},"modified":"2015-06-19T17:57:56","modified_gmt":"2015-06-19T17:57:56","slug":"links-uteis","status":"publish","type":"page","link":"http:\/\/hirotaseguros.com.br\/index.php\/links-uteis\/","title":{"rendered":"Links Uteis"},"content":{"rendered":"<h1>Links \u00dateis<\/h1>\n<p><strong>Sites de setor<\/strong><\/p>\n<ul>\n<li><a href=\"http:\/\/www.fipe.org.br\/web\/index.asp?p=51&amp;aspx=\/web\/indices\/veiculos\/default.aspx\" target=\"_blank\">Tabela Fipe &#8211; autom\u00f3veis<\/a><\/li>\n<li><a href=\"http:\/\/www.fipe.org.br\/web\/indices\/veiculos\/default.aspx?v=m&amp;p=52\" target=\"_blank\">Tabela Fipe &#8211; motos<\/a><\/li>\n<li><a href=\"http:\/\/www.fipe.org.br\/web\/indices\/veiculos\/default.aspx?v=c&amp;p=53\" target=\"_blank\">Tabela Fipe &#8211; caminh\u00f5es<\/a><\/li>\n<li><a href=\"http:\/\/www.fenaseg.org.br\/\" target=\"_blank\">Fenaseg<\/a><\/li>\n<li><a href=\"http:\/\/www.funenseg.org.br\/\" target=\"_blank\">Funenseg<\/a><\/li>\n<li><a href=\"http:\/\/www.susep.gov.br\/\" target=\"_blank\">Susep<\/a><\/li>\n<li><a href=\"http:\/\/www2.irb-brasilre.com.br\/site\/\" target=\"_blank\">IRB<\/a><\/li>\n<li><a href=\"http:\/\/www.fenacor.com.br\/\" target=\"_blank\">Fenacor<\/a><\/li>\n<\/ul>\n<p><strong>Links Diversos<\/strong><\/p>\n<ul>\n<li><a href=\"http:\/\/economia.estadao.com.br\/\" target=\"_blank\">Economia (Calculadora de \u00cdndices; Financiamento x Aluguel; Reserva Aposentadoria)<\/a><\/li>\n<li><a href=\"http:\/\/www4.bcb.gov.br\/?TXCONVERSAO\" target=\"_blank\">Conversor de moedas<\/a><\/li>\n<li><a href=\"http:\/\/www.bcb.gov.br\/?TXJUROS\" target=\"_blank\">Taxas de juros (Banco Central)<\/a><\/li>\n<\/ul>\n<p><strong>Detrans<\/strong><\/p>\n<ul>\n<li><a href=\"http:\/\/www.detran.ac.gov.br\/\" target=\"_blank\">Acre<\/a><\/li>\n<li><a href=\"http:\/\/www.detran.al.gov.br\/\" target=\"_blank\">Alagoas<\/a><\/li>\n<li><a href=\"http:\/\/www.detran.ap.gov.br\/\" target=\"_blank\">Amap\u00e1<\/a><\/li>\n<li><a href=\"http:\/\/www.detran.am.gov.br\/\" target=\"_blank\">Amazonas<\/a><\/li>\n<li><a href=\"http:\/\/www.detran.ba.gov.br\/\" target=\"_blank\">Bahia<\/a><\/li>\n<li><a href=\"http:\/\/www.detran.ce.gov.br\/\" target=\"_blank\">Cear\u00e1<\/a><\/li>\n<li><a href=\"http:\/\/www.detran.df.gov.br\/\" target=\"_blank\">Distrito Federal<\/a><\/li>\n<li><a href=\"http:\/\/www.detran.es.gov.br\/\" target=\"_blank\">Esp\u00edrito Santo<\/a><\/li>\n<li><a href=\"http:\/\/www.detran.go.gov.br\/\" target=\"_blank\">Goi\u00e1s<\/a><\/li>\n<li><a href=\"http:\/\/www.detran.ma.gov.br\/\" target=\"_blank\">Maranh\u00e3o<\/a><\/li>\n<li><a href=\"http:\/\/www.detran.mt.gov.br\/\" target=\"_blank\">Mato Grosso<\/a><\/li>\n<li><a href=\"http:\/\/www.detran.ms.gov.br\/\" target=\"_blank\">Mato Grosso do Sul<\/a><\/li>\n<li><a href=\"http:\/\/www.detrannet.mg.gov.br\/\" target=\"_blank\">Minas Gerais<\/a><\/li>\n<li><a href=\"http:\/\/www.detran.pa.gov.br\/\" target=\"_blank\">Par\u00e1<\/a><\/li>\n<li><a href=\"http:\/\/www.detran.pb.gov.br\/\" target=\"_blank\">Para\u00edba<\/a><\/li>\n<li><a href=\"http:\/\/www.detran.pr.gov.br\/\" target=\"_blank\">Paran\u00e1<\/a><\/li>\n<li><a href=\"http:\/\/www.detran.pe.gov.br\/\" target=\"_blank\">Pernambuco<\/a><\/li>\n<li><a href=\"http:\/\/www.detran.pi.gov.br\/\" target=\"_blank\">Piau\u00ed<\/a><\/li>\n<li><a href=\"http:\/\/www.detran.rj.gov.br\/\" target=\"_blank\">Rio de Janeiro<\/a><\/li>\n<li><a href=\"http:\/\/www.detran.rn.gov.br\/\" target=\"_blank\">Rio Grande do Norte<\/a><\/li>\n<li><a href=\"http:\/\/www.detran.rs.gov.br\/\" target=\"_blank\">Rio Grande do Sul<\/a><\/li>\n<li><a href=\"http:\/\/www.detran.ro.gov.br\/\" target=\"_blank\">Rond\u00f4nia<\/a><\/li>\n<li><a href=\"http:\/\/www.detran.sc.gov.br\/\" target=\"_blank\">Santa Catarina<\/a><\/li>\n<li><a href=\"http:\/\/www.detran.sp.gov.br\/\" target=\"_blank\">S\u00e3o Paulo<\/a><\/li>\n<li><a href=\"http:\/\/www.detran.se.gov.br\/\" target=\"_blank\">Sergipe<\/a><\/li>\n<li><a href=\"http:\/\/www.detran.to.gov.br\/\" target=\"_blank\">Tocantins<\/a><\/li>\n<\/ul>\n","protected":false},"excerpt":{"rendered":"<p>Links \u00dateis Sites de setor Tabela Fipe &#8211; autom\u00f3veis Tabela Fipe &#8211; motos Tabela Fipe &#8211; caminh\u00f5es Fenaseg Funenseg Susep IRB Fenacor Links Diversos Economia (Calculadora de \u00cdndices; Financiamento x Aluguel; Reserva Aposentadoria) Conversor de moedas Taxas de juros (Banco Central) Detrans Acre Alagoas Amap\u00e1 Amazonas Bahia Cear\u00e1 Distrito Federal&hellip; <\/p>\n","protected":false},"author":1,"featured_media":0,"parent":0,"menu_order":0,"comment_status":"open","ping_status":"open","template":"","meta":[],"_links":{"self":[{"href":"http:\/\/hirotaseguros.com.br\/index.php\/wp-json\/wp\/v2\/pages\/74"}],"collection":[{"href":"http:\/\/hirotaseguros.com.br\/index.php\/wp-json\/wp\/v2\/pages"}],"about":[{"href":"http:\/\/hirotaseguros.com.br\/index.php\/wp-json\/wp\/v2\/types\/page"}],"author":[{"embeddable":true,"href":"http:\/\/hirotaseguros.com.br\/index.php\/wp-json\/wp\/v2\/users\/1"}],"replies":[{"embeddable":true,"href":"http:\/\/hirotaseguros.com.br\/index.php\/wp-json\/wp\/v2\/comments?post=74"}],"version-history":[{"count":5,"href":"http:\/\/hirotaseguros.com.br\/index.php\/wp-json\/wp\/v2\/pages\/74\/revisions"}],"predecessor-version":[{"id":189,"href":"http:\/\/hirotaseguros.com.br\/index.php\/wp-json\/wp\/v2\/pages\/74\/revisions\/189"}],"wp:attachment":[{"href":"http:\/\/hirotaseguros.com.br\/index.php\/wp-json\/wp\/v2\/media?parent=74"}],"curies":[{"name":"wp","href":"https:\/\/api.w.org\/{rel}","templated":true}]}}