{"id":68,"date":"2015-06-02T16:47:40","date_gmt":"2015-06-02T16:47:40","guid":{"rendered":"http:\/\/localhost\/wordpress3\/?page_id=68"},"modified":"2017-01-17T13:08:24","modified_gmt":"2017-01-17T13:08:24","slug":"localizacao","status":"publish","type":"page","link":"http:\/\/hirotaseguros.com.br\/index.php\/localizacao\/","title":{"rendered":"Localiza\u00e7\u00e3o"},"content":{"rendered":"<h1>Localiza\u00e7\u00e3o<\/h1>\n<p><strong>R. Cl\u00e9lia, 550 &#8211; Barra Funda, S\u00e3o Paulo &#8211; SP, 05042-000<\/strong><\/p>\n<p><iframe loading=\"lazy\" src=\"https:\/\/www.google.com\/maps\/embed?pb=!1m18!1m12!1m3!1d5173.258902114628!2d-46.68993285768174!3d-23.53083167164775!2m3!1f0!2f0!3f0!3m2!1i1024!2i768!4f13.1!3m3!1m2!1s0x94cef80b732200db%3A0x255b85f494abdbc4!2sR.+Cl%C3%A9lia%2C+550+-+Barra+Funda%2C+S%C3%A3o+Paulo+-+SP!5e0!3m2!1spt-BR!2sbr!4v1452786591556\" width=\"600\" height=\"450\" frameborder=\"0\" style=\"border:0\" allowfullscreen><\/iframe><\/p>\n<p><strong>Rua Bernardo Guimar\u00e3es, 1033 &#8211; Sala 306 \u2013 Funcion\u00e1rios \u2013 CEP 30150-084<\/strong><\/p>\n<p><iframe loading=\"lazy\" src=\"https:\/\/www.google.com\/maps\/embed?pb=!1m18!1m12!1m3!1d3750.848224319345!2d-43.93625698508538!3d-19.93079968660321!2m3!1f0!2f0!3f0!3m2!1i1024!2i768!4f13.1!3m3!1m2!1s0xa699c2aaa202eb%3A0xbc9700f67187243!2sR.+Bernardo+Guimar%C3%A3es%2C+1033+-+Funcion%C3%A1rios%2C+Belo+Horizonte+-+MG%2C+30140-081!5e0!3m2!1spt-BR!2sbr!4v1484658479538\" width=\"600\" height=\"450\" frameborder=\"0\" style=\"border:0\" allowfullscreen><\/iframe><\/p>\n","protected":false},"excerpt":{"rendered":"<p>Localiza\u00e7\u00e3o R. Cl\u00e9lia, 550 &#8211; Barra Funda, S\u00e3o Paulo &#8211; SP, 05042-000 Rua Bernardo Guimar\u00e3es, 1033 &#8211; Sala 306 \u2013 Funcion\u00e1rios \u2013 CEP 30150-084<\/p>\n","protected":false},"author":1,"featured_media":0,"parent":0,"menu_order":0,"comment_status":"open","ping_status":"open","template":"","meta":[],"_links":{"self":[{"href":"http:\/\/hirotaseguros.com.br\/index.php\/wp-json\/wp\/v2\/pages\/68"}],"collection":[{"href":"http:\/\/hirotaseguros.com.br\/index.php\/wp-json\/wp\/v2\/pages"}],"about":[{"href":"http:\/\/hirotaseguros.com.br\/index.php\/wp-json\/wp\/v2\/types\/page"}],"author":[{"embeddable":true,"href":"http:\/\/hirotaseguros.com.br\/index.php\/wp-json\/wp\/v2\/users\/1"}],"replies":[{"embeddable":true,"href":"http:\/\/hirotaseguros.com.br\/index.php\/wp-json\/wp\/v2\/comments?post=68"}],"version-history":[{"count":6,"href":"http:\/\/hirotaseguros.com.br\/index.php\/wp-json\/wp\/v2\/pages\/68\/revisions"}],"predecessor-version":[{"id":275,"href":"http:\/\/hirotaseguros.com.br\/index.php\/wp-json\/wp\/v2\/pages\/68\/revisions\/275"}],"wp:attachment":[{"href":"http:\/\/hirotaseguros.com.br\/index.php\/wp-json\/wp\/v2\/media?parent=68"}],"curies":[{"name":"wp","href":"https:\/\/api.w.org\/{rel}","templated":true}]}}