{"id":186,"date":"2015-06-19T17:12:46","date_gmt":"2015-06-19T17:12:46","guid":{"rendered":"http:\/\/hirotaseguros.com.br\/site\/?page_id=186"},"modified":"2015-06-19T17:15:50","modified_gmt":"2015-06-19T17:15:50","slug":"faca-sua-cotacao","status":"publish","type":"page","link":"http:\/\/hirotaseguros.com.br\/index.php\/faca-sua-cotacao\/","title":{"rendered":"Fa\u00e7a sua Cota\u00e7\u00e3o"},"content":{"rendered":"<p>Preencha o formul\u00e1rio abaixo, que em breve um de nosso atendentes entrara em contato.<\/p>\n<div role=\"form\" class=\"wpcf7\" id=\"wpcf7-f187-o1\" lang=\"pt-BR\" dir=\"ltr\">\n<div class=\"screen-reader-response\"><p role=\"status\" aria-live=\"polite\" aria-atomic=\"true\"><\/p> <ul><\/ul><\/div>\n<form action=\"\/index.php\/wp-json\/wp\/v2\/pages\/186#wpcf7-f187-o1\" method=\"post\" class=\"wpcf7-form init\" novalidate=\"novalidate\" data-status=\"init\">\n<div style=\"display: none;\">\n<input type=\"hidden\" name=\"_wpcf7\" value=\"187\" \/>\n<input type=\"hidden\" name=\"_wpcf7_version\" value=\"5.5.4\" \/>\n<input type=\"hidden\" name=\"_wpcf7_locale\" value=\"pt_BR\" \/>\n<input type=\"hidden\" name=\"_wpcf7_unit_tag\" value=\"wpcf7-f187-o1\" \/>\n<input type=\"hidden\" name=\"_wpcf7_container_post\" value=\"0\" \/>\n<input type=\"hidden\" name=\"_wpcf7_posted_data_hash\" value=\"\" \/>\n<\/div>\n<p>Nome:<br \/>\n    <span class=\"wpcf7-form-control-wrap your-name\"><input type=\"text\" name=\"your-name\" value=\"\" size=\"40\" class=\"wpcf7-form-control wpcf7-text wpcf7-validates-as-required\" aria-required=\"true\" aria-invalid=\"false\" \/><\/span> <\/p>\n<p>E-mail:<br \/>\n    <span class=\"wpcf7-form-control-wrap your-email\"><input type=\"email\" name=\"your-email\" value=\"\" size=\"40\" class=\"wpcf7-form-control wpcf7-text wpcf7-email wpcf7-validates-as-required wpcf7-validates-as-email\" aria-required=\"true\" aria-invalid=\"false\" \/><\/span> <\/p>\n<p>Telefone:<br \/>\n    <span class=\"wpcf7-form-control-wrap Telefone\"><input type=\"text\" name=\"Telefone\" value=\"\" size=\"40\" class=\"wpcf7-form-control wpcf7-text\" aria-invalid=\"false\" \/><\/span> <\/p>\n<p> Celular: <br\/><br \/>\n<span class=\"wpcf7-form-control-wrap Celular\"><input type=\"text\" name=\"Celular\" value=\"\" size=\"40\" class=\"wpcf7-form-control wpcf7-text\" aria-invalid=\"false\" \/><\/span><\/p>\n<p> Seguro: <br\/><br \/>\n<span class=\"wpcf7-form-control-wrap Seguro\"><select name=\"Seguro\" class=\"wpcf7-form-control wpcf7-select\" aria-invalid=\"false\"><option value=\"Selecione...\">Selecione...<\/option><option value=\"Autom\u00f3veis e Ve\u00edculos\">Autom\u00f3veis e Ve\u00edculos<\/option><option value=\"Seguros Para Pessoas\">Seguros Para Pessoas<\/option><option value=\"Seguros Para Empresas\">Seguros Para Empresas<\/option><option value=\"Seguros Para Im\u00f3veis e Constru\u00e7\u00f5es\">Seguros Para Im\u00f3veis e Constru\u00e7\u00f5es<\/option><option value=\"Seguros Especiais\">Seguros Especiais<\/option><option value=\"Seguro Para Agro-Neg\u00f3cios\">Seguro Para Agro-Neg\u00f3cios<\/option><\/select><\/span>  <\/p>\n<p>Mensagem:<br \/>\n    <span class=\"wpcf7-form-control-wrap your-message\"><textarea name=\"your-message\" cols=\"40\" rows=\"10\" class=\"wpcf7-form-control wpcf7-textarea\" aria-invalid=\"false\"><\/textarea><\/span> <\/p>\n<p><input type=\"submit\" value=\"Enviar\" class=\"wpcf7-form-control has-spinner wpcf7-submit\" \/><\/p>\n<p style=\"display: none !important;\"><label>&#916;<textarea name=\"_wpcf7_ak_hp_textarea\" cols=\"45\" rows=\"8\" maxlength=\"100\"><\/textarea><\/label><input type=\"hidden\" id=\"ak_js_1\" name=\"_wpcf7_ak_js\" value=\"130\"\/><script>document.getElementById( \"ak_js_1\" ).setAttribute( \"value\", ( new Date() ).getTime() );<\/script><\/p><div class=\"wpcf7-response-output\" aria-hidden=\"true\"><\/div><\/form><\/div>\n","protected":false},"excerpt":{"rendered":"<p>Preencha o formul\u00e1rio abaixo, que em breve um de nosso atendentes entrara em contato.<\/p>\n","protected":false},"author":1,"featured_media":0,"parent":0,"menu_order":0,"comment_status":"open","ping_status":"open","template":"","meta":[],"_links":{"self":[{"href":"http:\/\/hirotaseguros.com.br\/index.php\/wp-json\/wp\/v2\/pages\/186"}],"collection":[{"href":"http:\/\/hirotaseguros.com.br\/index.php\/wp-json\/wp\/v2\/pages"}],"about":[{"href":"http:\/\/hirotaseguros.com.br\/index.php\/wp-json\/wp\/v2\/types\/page"}],"author":[{"embeddable":true,"href":"http:\/\/hirotaseguros.com.br\/index.php\/wp-json\/wp\/v2\/users\/1"}],"replies":[{"embeddable":true,"href":"http:\/\/hirotaseguros.com.br\/index.php\/wp-json\/wp\/v2\/comments?post=186"}],"version-history":[{"count":1,"href":"http:\/\/hirotaseguros.com.br\/index.php\/wp-json\/wp\/v2\/pages\/186\/revisions"}],"predecessor-version":[{"id":188,"href":"http:\/\/hirotaseguros.com.br\/index.php\/wp-json\/wp\/v2\/pages\/186\/revisions\/188"}],"wp:attachment":[{"href":"http:\/\/hirotaseguros.com.br\/index.php\/wp-json\/wp\/v2\/media?parent=186"}],"curies":[{"name":"wp","href":"https:\/\/api.w.org\/{rel}","templated":true}]}}