{"id":151,"date":"2015-06-03T12:31:33","date_gmt":"2015-06-03T12:31:33","guid":{"rendered":"http:\/\/localhost\/wordpress3\/?page_id=151"},"modified":"2015-06-03T12:31:33","modified_gmt":"2015-06-03T12:31:33","slug":"seguro-saude","status":"publish","type":"page","link":"http:\/\/hirotaseguros.com.br\/index.php\/seguro-saude\/","title":{"rendered":"Seguro Sa\u00fade"},"content":{"rendered":"<h1>Seguro Sa\u00fade<\/h1>\n<p>O <strong>Seguro Sa\u00fade<\/strong> (plano de sa\u00fade) tem por finalidade garantir assist\u00eancia m\u00e9dica quando sua sa\u00fade est\u00e1 em risco e tamb\u00e9m quando ela n\u00e3o est\u00e1.<\/p>\n<p>Al\u00e9m de oferecer assist\u00eancia m\u00e9dica, hospitalar e de diagn\u00f3stico ao segurado, o <strong>Seguro Sa\u00fade<\/strong> disp\u00f5e de diversos servi\u00e7os que visam \u00e0 manuten\u00e7\u00e3o da sua sa\u00fade e do seu bem estar.<\/p>\n<p>Para obter informa\u00e7\u00f5es sobre <strong>Seguro Sa\u00fade<\/strong> e os servi\u00e7os agregados desenvolvidos especialmente para voc\u00ea e sua fam\u00edlia, por favor entre em contato conosco.<\/p>\n","protected":false},"excerpt":{"rendered":"<p>Seguro Sa\u00fade O Seguro Sa\u00fade (plano de sa\u00fade) tem por finalidade garantir assist\u00eancia m\u00e9dica quando sua sa\u00fade est\u00e1 em risco e tamb\u00e9m quando ela n\u00e3o est\u00e1. Al\u00e9m de oferecer assist\u00eancia m\u00e9dica, hospitalar e de diagn\u00f3stico ao segurado, o Seguro Sa\u00fade disp\u00f5e de diversos servi\u00e7os que visam \u00e0 manuten\u00e7\u00e3o da sua&hellip; <\/p>\n","protected":false},"author":1,"featured_media":0,"parent":0,"menu_order":0,"comment_status":"open","ping_status":"open","template":"","meta":[],"_links":{"self":[{"href":"http:\/\/hirotaseguros.com.br\/index.php\/wp-json\/wp\/v2\/pages\/151"}],"collection":[{"href":"http:\/\/hirotaseguros.com.br\/index.php\/wp-json\/wp\/v2\/pages"}],"about":[{"href":"http:\/\/hirotaseguros.com.br\/index.php\/wp-json\/wp\/v2\/types\/page"}],"author":[{"embeddable":true,"href":"http:\/\/hirotaseguros.com.br\/index.php\/wp-json\/wp\/v2\/users\/1"}],"replies":[{"embeddable":true,"href":"http:\/\/hirotaseguros.com.br\/index.php\/wp-json\/wp\/v2\/comments?post=151"}],"version-history":[{"count":1,"href":"http:\/\/hirotaseguros.com.br\/index.php\/wp-json\/wp\/v2\/pages\/151\/revisions"}],"predecessor-version":[{"id":152,"href":"http:\/\/hirotaseguros.com.br\/index.php\/wp-json\/wp\/v2\/pages\/151\/revisions\/152"}],"wp:attachment":[{"href":"http:\/\/hirotaseguros.com.br\/index.php\/wp-json\/wp\/v2\/media?parent=151"}],"curies":[{"name":"wp","href":"https:\/\/api.w.org\/{rel}","templated":true}]}}