{"id":139,"date":"2015-06-03T11:53:24","date_gmt":"2015-06-03T11:53:24","guid":{"rendered":"http:\/\/localhost\/wordpress3\/?page_id=139"},"modified":"2015-06-03T11:53:24","modified_gmt":"2015-06-03T11:53:24","slug":"protesat","status":"publish","type":"page","link":"http:\/\/hirotaseguros.com.br\/index.php\/protesat\/","title":{"rendered":"ProteSat"},"content":{"rendered":"<h1>ProteSat<\/h1>\n<p><strong>Fun\u00e7\u00e3o Bloqueador Incorporada<br \/>\n<\/strong><br \/>\nA tecnologia Protesat \u00e9 reconhecida por atuar em todo territ\u00f3rio nacional, possibilitando o bloqueio tamb\u00e9m em cidades do interior, pequenos povoados e rodovias estaduais e federais.<br \/>\n<a href=\"http:\/\/201.35.71.154\/arquivos_extras\/animacao_bloqueador.htm\" target=\"_blank\">Veja a anima\u00e7\u00e3o online<\/a><\/p>\n<p><strong>Localizador ERB<br \/>\n<\/strong>Conforme o servi\u00e7o contratado ser\u00e1 poss\u00edvel a localiza\u00e7\u00e3o da \u00e1rea exata de seu ve\u00edculo, obtida por meio da ERB (Esta\u00e7\u00e3o R\u00e1dio Base).<br \/>\n<a href=\"http:\/\/201.35.71.154\/arquivos_extras\/animacao_localizador_erb.htm\" target=\"_blank\">Veja a anima\u00e7\u00e3o online<\/a><\/p>\n<p><strong>Localizador GPS<br \/>\n<\/strong>Os localizadores por GPS (Global Position System) possibilitam a localiza\u00e7\u00e3o exata do ve\u00edculo. O equipamento instalado no ve\u00edculo recebe os sinais dos sat\u00e9lites de GPS, interpretando sua localiza\u00e7\u00e3o, altitude, velocidade e sentido de condu\u00e7\u00e3o , entre outros status.<br \/>\n<a href=\"http:\/\/201.35.71.154\/arquivos_extras\/animacao_localizador_gps.htm\" target=\"_blank\">Veja a anima\u00e7\u00e3o online<\/a><\/p>\n","protected":false},"excerpt":{"rendered":"<p>ProteSat Fun\u00e7\u00e3o Bloqueador Incorporada A tecnologia Protesat \u00e9 reconhecida por atuar em todo territ\u00f3rio nacional, possibilitando o bloqueio tamb\u00e9m em cidades do interior, pequenos povoados e rodovias estaduais e federais. Veja a anima\u00e7\u00e3o online Localizador ERB Conforme o servi\u00e7o contratado ser\u00e1 poss\u00edvel a localiza\u00e7\u00e3o da \u00e1rea exata de seu ve\u00edculo,&hellip; <\/p>\n","protected":false},"author":1,"featured_media":0,"parent":0,"menu_order":0,"comment_status":"open","ping_status":"open","template":"","meta":[],"_links":{"self":[{"href":"http:\/\/hirotaseguros.com.br\/index.php\/wp-json\/wp\/v2\/pages\/139"}],"collection":[{"href":"http:\/\/hirotaseguros.com.br\/index.php\/wp-json\/wp\/v2\/pages"}],"about":[{"href":"http:\/\/hirotaseguros.com.br\/index.php\/wp-json\/wp\/v2\/types\/page"}],"author":[{"embeddable":true,"href":"http:\/\/hirotaseguros.com.br\/index.php\/wp-json\/wp\/v2\/users\/1"}],"replies":[{"embeddable":true,"href":"http:\/\/hirotaseguros.com.br\/index.php\/wp-json\/wp\/v2\/comments?post=139"}],"version-history":[{"count":1,"href":"http:\/\/hirotaseguros.com.br\/index.php\/wp-json\/wp\/v2\/pages\/139\/revisions"}],"predecessor-version":[{"id":140,"href":"http:\/\/hirotaseguros.com.br\/index.php\/wp-json\/wp\/v2\/pages\/139\/revisions\/140"}],"wp:attachment":[{"href":"http:\/\/hirotaseguros.com.br\/index.php\/wp-json\/wp\/v2\/media?parent=139"}],"curies":[{"name":"wp","href":"https:\/\/api.w.org\/{rel}","templated":true}]}}