{"id":122,"date":"2015-06-03T11:43:32","date_gmt":"2015-06-03T11:43:32","guid":{"rendered":"http:\/\/localhost\/wordpress3\/?page_id=122"},"modified":"2015-06-03T11:43:32","modified_gmt":"2015-06-03T11:43:32","slug":"seguro-benfeitoria-rural","status":"publish","type":"page","link":"http:\/\/hirotaseguros.com.br\/index.php\/seguro-benfeitoria-rural\/","title":{"rendered":"Seguro Benfeitoria Rural"},"content":{"rendered":"<h1>Seguro Benfeitoria Rural<\/h1>\n<p><strong>Coberturas b\u00e1sicas:<\/strong><\/p>\n<p>Riscos decorrentes de causas externas<\/p>\n<p><strong>Coberturas Adicionais:<br \/>\n<\/strong><br \/>\n&#8211; Roubo e\/ou furto qualificado<br \/>\n&#8211; Danos el\u00e9tricos<br \/>\n&#8211; Perda de aluguel<br \/>\n&#8211; Pagamento de aluguel a terceiros<br \/>\n&#8211; Opera\u00e7\u00e3o em proximidade de \u00e1gua (exclusivamente para equipamentos m\u00f3veis)<br \/>\n&#8211; Responsabilidade Civil &#8211; danos materiais e corporais (exclusivamente para equipamentos m\u00f3veis)<\/p>\n","protected":false},"excerpt":{"rendered":"<p>Seguro Benfeitoria Rural Coberturas b\u00e1sicas: Riscos decorrentes de causas externas Coberturas Adicionais: &#8211; Roubo e\/ou furto qualificado &#8211; Danos el\u00e9tricos &#8211; Perda de aluguel &#8211; Pagamento de aluguel a terceiros &#8211; Opera\u00e7\u00e3o em proximidade de \u00e1gua (exclusivamente para equipamentos m\u00f3veis) &#8211; Responsabilidade Civil &#8211; danos materiais e corporais (exclusivamente para&hellip; <\/p>\n","protected":false},"author":1,"featured_media":0,"parent":0,"menu_order":0,"comment_status":"open","ping_status":"open","template":"","meta":[],"_links":{"self":[{"href":"http:\/\/hirotaseguros.com.br\/index.php\/wp-json\/wp\/v2\/pages\/122"}],"collection":[{"href":"http:\/\/hirotaseguros.com.br\/index.php\/wp-json\/wp\/v2\/pages"}],"about":[{"href":"http:\/\/hirotaseguros.com.br\/index.php\/wp-json\/wp\/v2\/types\/page"}],"author":[{"embeddable":true,"href":"http:\/\/hirotaseguros.com.br\/index.php\/wp-json\/wp\/v2\/users\/1"}],"replies":[{"embeddable":true,"href":"http:\/\/hirotaseguros.com.br\/index.php\/wp-json\/wp\/v2\/comments?post=122"}],"version-history":[{"count":1,"href":"http:\/\/hirotaseguros.com.br\/index.php\/wp-json\/wp\/v2\/pages\/122\/revisions"}],"predecessor-version":[{"id":123,"href":"http:\/\/hirotaseguros.com.br\/index.php\/wp-json\/wp\/v2\/pages\/122\/revisions\/123"}],"wp:attachment":[{"href":"http:\/\/hirotaseguros.com.br\/index.php\/wp-json\/wp\/v2\/media?parent=122"}],"curies":[{"name":"wp","href":"https:\/\/api.w.org\/{rel}","templated":true}]}}