{"id":104,"date":"2015-06-02T20:08:33","date_gmt":"2015-06-02T20:08:33","guid":{"rendered":"http:\/\/localhost\/wordpress3\/?page_id=104"},"modified":"2015-06-02T20:12:45","modified_gmt":"2015-06-02T20:12:45","slug":"responsabilidade-civil","status":"publish","type":"page","link":"http:\/\/hirotaseguros.com.br\/index.php\/responsabilidade-civil\/","title":{"rendered":"Responsabilidade Civil"},"content":{"rendered":"<h1>Responsabilidade Civil<\/h1>\n<p>O Seguro de Responsabilidade Civil destina-se a proteger o segurado contra responsabilidades pecuni\u00e1rias com rela\u00e7\u00e3o a terceiros (pessoas ou coisas), por culpa involunt\u00e1ria do segurado ou de pessoas pelas quais deva responder civilmente.<\/p>\n<p>Esta modalidade de seguro pode cobrir as indeniza\u00e7\u00f5es que o segurado seja condenado a suportar em face de imprud\u00eancia, neglig\u00eancia ou imper\u00edcia profissional como tamb\u00e9m pode cobrir a indeniza\u00e7\u00e3o devida a uma v\u00edtima de ataque de um animal de sua propriedade.<\/p>\n<p>Responsabilidade Civil Profissional<\/p>\n<ul>\n<li>RC Advogados<\/li>\n<li>RC M\u00e9dicos<\/li>\n<li>RC Dentistas<\/li>\n<li>RC Engenheiros e Arquitetos<\/li>\n<li>RC Contadores e Auditores<\/li>\n<\/ul>\n<p>Responsabilidade Civil Empresarial<\/p>\n<ul>\n<li>RC Clinicas M\u00e9dicas, Odontol\u00f3gicas e Hospitais<\/li>\n<li>RC Para Estabelecimentos Comerciais e\/ou Industriais<\/li>\n<li>RC Para Produtos<\/li>\n<li>RC para Empregador<\/li>\n<li>RC Para Empresas de Tecnologia<\/li>\n<\/ul>\n<p>Responsabilidade Civil Corporativo<\/p>\n<ul>\n<li>RC para oferta p\u00fablica de a\u00e7\u00f5es<\/li>\n<li>RC Diretores, Executivos e Conselheiros<\/li>\n<li>RC Riscos Ambientais<\/li>\n<li>RC Crimes Corporativos \/ Fraude Corporativa<\/li>\n<li>RC Pr\u00e1ticas Trabalhistas \u2013 EPL<\/li>\n<\/ul>\n<p>&nbsp;<\/p>\n","protected":false},"excerpt":{"rendered":"<p>Responsabilidade Civil O Seguro de Responsabilidade Civil destina-se a proteger o segurado contra responsabilidades pecuni\u00e1rias com rela\u00e7\u00e3o a terceiros (pessoas ou coisas), por culpa involunt\u00e1ria do segurado ou de pessoas pelas quais deva responder civilmente. Esta modalidade de seguro pode cobrir as indeniza\u00e7\u00f5es que o segurado seja condenado a suportar&hellip; <\/p>\n","protected":false},"author":1,"featured_media":0,"parent":0,"menu_order":0,"comment_status":"open","ping_status":"open","template":"","meta":[],"_links":{"self":[{"href":"http:\/\/hirotaseguros.com.br\/index.php\/wp-json\/wp\/v2\/pages\/104"}],"collection":[{"href":"http:\/\/hirotaseguros.com.br\/index.php\/wp-json\/wp\/v2\/pages"}],"about":[{"href":"http:\/\/hirotaseguros.com.br\/index.php\/wp-json\/wp\/v2\/types\/page"}],"author":[{"embeddable":true,"href":"http:\/\/hirotaseguros.com.br\/index.php\/wp-json\/wp\/v2\/users\/1"}],"replies":[{"embeddable":true,"href":"http:\/\/hirotaseguros.com.br\/index.php\/wp-json\/wp\/v2\/comments?post=104"}],"version-history":[{"count":1,"href":"http:\/\/hirotaseguros.com.br\/index.php\/wp-json\/wp\/v2\/pages\/104\/revisions"}],"predecessor-version":[{"id":105,"href":"http:\/\/hirotaseguros.com.br\/index.php\/wp-json\/wp\/v2\/pages\/104\/revisions\/105"}],"wp:attachment":[{"href":"http:\/\/hirotaseguros.com.br\/index.php\/wp-json\/wp\/v2\/media?parent=104"}],"curies":[{"name":"wp","href":"https:\/\/api.w.org\/{rel}","templated":true}]}}